{"id":3039,"date":"2022-07-25T22:39:38","date_gmt":"2022-07-25T22:39:38","guid":{"rendered":"http:\/\/eventosbiarritz.com\/?page_id=3039"},"modified":"2022-07-25T22:44:08","modified_gmt":"2022-07-25T22:44:08","slug":"cotizacion-evento","status":"publish","type":"page","link":"https:\/\/eventosbiarritz.com\/index.php\/cotizacion-evento\/","title":{"rendered":"Cotizacion evento"},"content":{"rendered":"<style>\/*! elementor - v3.6.5 - 27-04-2022 *\/\n.elementor-heading-title{padding:0;margin:0;line-height:1}.elementor-widget-heading .elementor-heading-title[class*=elementor-size-]>a{color:inherit;font-size:inherit;line-height:inherit}.elementor-widget-heading .elementor-heading-title.elementor-size-small{font-size:15px}.elementor-widget-heading .elementor-heading-title.elementor-size-medium{font-size:19px}.elementor-widget-heading .elementor-heading-title.elementor-size-large{font-size:29px}.elementor-widget-heading .elementor-heading-title.elementor-size-xl{font-size:39px}.elementor-widget-heading .elementor-heading-title.elementor-size-xxl{font-size:59px}<\/style>\n<h1>ENVIA LA COTIZACION<\/h1>\n<h2>Al cotizar tu evento ten en cuenta lo siguiente<\/h2>\n<ul>\n<li>Reservaci\u00f3n 50% de anticipo o pagos parciales<\/li>\n<li>Duraci\u00f3n del evento 4 horas<\/li>\n<li>Descorche de licor gratis<\/li>\n<li>Traer platos y tenedores para cake<\/li>\n<li>Boquitas de bolsa<\/li>\n<li>Mu\u00f1ecos para el pastel<\/li>\n<li>Buz\u00f3n para sobres<\/li>\n<li>Bolsas grandes para llevar los regalos<\/li>\n<\/ul>\n<h2>Gastos adiconales<\/h2>\n<ul>\n<li>Plato extra $18.50<\/li>\n<li>Menu infantil $10<\/li>\n<li>Hora adicional $115<\/li>\n<li>Alquiler de copas $0.25<\/li>\n<li>Descorche de barril de cerveza $25<\/li>\n<li>Gaseosa adicional $1<\/li>\n<li>Cerveza desde 1.50<\/li>\n<\/ul>\n<div class=\"wpforms-container \" id=\"wpforms-3035\"><form id=\"wpforms-form-3035\" class=\"wpforms-validate wpforms-form\" data-formid=\"3035\" method=\"post\" enctype=\"multipart\/form-data\" action=\"\/index.php\/wp-json\/wp\/v2\/pages\/3039\" data-token=\"60d0246dc35e4a687957a86d448fbfe3\"><noscript class=\"wpforms-error-noscript\">Please enable JavaScript in your browser to complete this form.<\/noscript><div class=\"wpforms-field-container\"><div id=\"wpforms-3035-field_0-container\" class=\"wpforms-field wpforms-field-name\" data-field-id=\"0\"><label class=\"wpforms-field-label wpforms-label-hide\" for=\"wpforms-3035-field_0\">NOMBRE <span class=\"wpforms-required-label\">*<\/span><\/label><input type=\"text\" id=\"wpforms-3035-field_0\" class=\"wpforms-field-large wpforms-field-required\" name=\"wpforms[fields][0]\" placeholder=\"NOMBRE\" required><\/div><div id=\"wpforms-3035-field_6-container\" class=\"wpforms-field wpforms-field-select wpforms-field-select-style-classic\" data-field-id=\"6\"><label class=\"wpforms-field-label\" for=\"wpforms-3035-field_6\">QUE EVENTO CELEBRARAS <span class=\"wpforms-required-label\">*<\/span><\/label><select id=\"wpforms-3035-field_6\" class=\"wpforms-field-medium wpforms-field-required\" name=\"wpforms[fields][6]\" required=\"required\"><option value=\"QUINCE A\u00d1OS\" >QUINCE A\u00d1OS<\/option><option value=\"BABY SHOWER\" >BABY SHOWER<\/option><option value=\"REVELACION\" >REVELACION<\/option><option value=\"CAPACITACION\" >CAPACITACION<\/option><option value=\"CATERING\" >CATERING<\/option><option value=\"FIESTA EMPRESARIAL\" >FIESTA EMPRESARIAL<\/option><option value=\"FIESTA FIN DE A\u00d1O\" >FIESTA FIN DE A\u00d1O<\/option><option value=\"GRADUACION\" >GRADUACION<\/option><\/select><\/div><div id=\"wpforms-3035-field_7-container\" class=\"wpforms-field wpforms-field-number\" data-field-id=\"7\"><label class=\"wpforms-field-label\" for=\"wpforms-3035-field_7\">ASISTENTES TOTALES <span class=\"wpforms-required-label\">*<\/span><\/label><input type=\"number\" pattern=\"\\d*\" id=\"wpforms-3035-field_7\" class=\"wpforms-field-medium wpforms-field-required\" name=\"wpforms[fields][7]\" placeholder=\"Ingresa el numero de asistentes al evento\" required><\/div><div id=\"wpforms-3035-field_12-container\" class=\"wpforms-field wpforms-field-text\" data-field-id=\"12\"><label class=\"wpforms-field-label\" for=\"wpforms-3035-field_12\">NUMERO TELEFONICO <span class=\"wpforms-required-label\">*<\/span><\/label><input type=\"text\" id=\"wpforms-3035-field_12\" class=\"wpforms-field-medium wpforms-field-required\" name=\"wpforms[fields][12]\" required><\/div><div id=\"wpforms-3035-field_13-container\" class=\"wpforms-field wpforms-field-text\" data-field-id=\"13\"><label class=\"wpforms-field-label\" for=\"wpforms-3035-field_13\">NUMERO TELEFONICO 2 <span class=\"wpforms-required-label\">*<\/span><\/label><input type=\"text\" id=\"wpforms-3035-field_13\" class=\"wpforms-field-medium wpforms-field-required\" name=\"wpforms[fields][13]\" required><\/div><div id=\"wpforms-3035-field_4-container\" class=\"wpforms-field wpforms-field-email\" data-field-id=\"4\"><label class=\"wpforms-field-label wpforms-label-hide\" for=\"wpforms-3035-field_4\">CORREO ELECTRONICO <span class=\"wpforms-required-label\">*<\/span><\/label><input type=\"email\" id=\"wpforms-3035-field_4\" class=\"wpforms-field-large wpforms-field-required\" name=\"wpforms[fields][4]\" placeholder=\"EMAIL\" required><\/div><div id=\"wpforms-3035-field_9-container\" class=\"wpforms-field wpforms-field-text\" data-field-id=\"9\"><label class=\"wpforms-field-label\" for=\"wpforms-3035-field_9\">FECHA DEL EVENTO <span class=\"wpforms-required-label\">*<\/span><\/label><input type=\"text\" id=\"wpforms-3035-field_9\" class=\"wpforms-field-medium wpforms-field-required\" name=\"wpforms[fields][9]\" required><\/div><div id=\"wpforms-3035-field_10-container\" class=\"wpforms-field wpforms-field-text\" data-field-id=\"10\"><label class=\"wpforms-field-label\" for=\"wpforms-3035-field_10\">HORA DEL EVENTO <span class=\"wpforms-required-label\">*<\/span><\/label><input type=\"text\" id=\"wpforms-3035-field_10\" class=\"wpforms-field-medium wpforms-field-required\" name=\"wpforms[fields][10]\" required><\/div><div id=\"wpforms-3035-field_2-container\" class=\"wpforms-field wpforms-field-textarea\" data-field-id=\"2\"><label class=\"wpforms-field-label wpforms-label-hide\" for=\"wpforms-3035-field_2\">DETALLES ADICIONALES <span class=\"wpforms-required-label\">*<\/span><\/label><textarea id=\"wpforms-3035-field_2\" class=\"wpforms-field-large wpforms-field-required\" name=\"wpforms[fields][2]\" placeholder=\"Dinos algo mas para tomar en cuenta al momento de enviar tu cotizacion\" required><\/textarea><\/div><\/div><div class=\"wpforms-field wpforms-field-hp\"><label for=\"wpforms-3035-field-hp\" class=\"wpforms-field-label\">Email<\/label><input type=\"text\" name=\"wpforms[hp]\" id=\"wpforms-3035-field-hp\" class=\"wpforms-field-medium\"><\/div><div class=\"wpforms-submit-container\"><input type=\"hidden\" name=\"wpforms[id]\" value=\"3035\"><input type=\"hidden\" name=\"wpforms[author]\" value=\"1\"><button type=\"submit\" name=\"wpforms[submit]\" id=\"wpforms-submit-3035\" class=\"wpforms-submit\" data-alt-text=\"Enviando te contactaremos a la brevedad\" data-submit-text=\"Solicitar cotizacion\" aria-live=\"assertive\" value=\"wpforms-submit\">Solicitar cotizacion<\/button><\/div><\/form><\/div>  <!-- .wpforms-container -->\n","protected":false},"excerpt":{"rendered":"<p>ENVIA LA COTIZACION Al cotizar tu evento ten en cuenta lo siguiente Reservaci\u00f3n 50% de anticipo o pagos parciales Duraci\u00f3n del evento 4 horas Descorche de licor gratis Traer platos y tenedores para cake Boquitas de bolsa Mu\u00f1ecos para el pastel Buz\u00f3n para sobres Bolsas grandes para llevar los regalos Gastos adiconales Plato extra $18.50 &hellip;<\/p>\n<p class=\"read-more\"> <a class=\"\" href=\"https:\/\/eventosbiarritz.com\/index.php\/cotizacion-evento\/\"> <span class=\"screen-reader-text\">Cotizacion evento<\/span> Read More &raquo;<\/a><\/p>\n","protected":false},"author":1,"featured_media":0,"parent":0,"menu_order":0,"comment_status":"closed","ping_status":"closed","template":"","meta":{"om_disable_all_campaigns":false,"_monsterinsights_skip_tracking":false,"_monsterinsights_sitenote_active":false,"_monsterinsights_sitenote_note":"","_monsterinsights_sitenote_category":0,"site-sidebar-layout":"no-sidebar","site-content-layout":"page-builder","ast-global-header-display":"","ast-main-header-display":"","ast-hfb-above-header-display":"","ast-hfb-below-header-display":"","ast-hfb-mobile-header-display":"","site-post-title":"disabled","ast-breadcrumbs-content":"","ast-featured-img":"disabled","footer-sml-layout":"","theme-transparent-header-meta":"","adv-header-id-meta":"","stick-header-meta":"","header-above-stick-meta":"","header-main-stick-meta":"","header-below-stick-meta":"","spay_email":"","footnotes":""},"class_list":["post-3039","page","type-page","status-publish","hentry"],"_links":{"self":[{"href":"https:\/\/eventosbiarritz.com\/index.php\/wp-json\/wp\/v2\/pages\/3039","targetHints":{"allow":["GET"]}}],"collection":[{"href":"https:\/\/eventosbiarritz.com\/index.php\/wp-json\/wp\/v2\/pages"}],"about":[{"href":"https:\/\/eventosbiarritz.com\/index.php\/wp-json\/wp\/v2\/types\/page"}],"author":[{"embeddable":true,"href":"https:\/\/eventosbiarritz.com\/index.php\/wp-json\/wp\/v2\/users\/1"}],"replies":[{"embeddable":true,"href":"https:\/\/eventosbiarritz.com\/index.php\/wp-json\/wp\/v2\/comments?post=3039"}],"version-history":[{"count":4,"href":"https:\/\/eventosbiarritz.com\/index.php\/wp-json\/wp\/v2\/pages\/3039\/revisions"}],"predecessor-version":[{"id":3045,"href":"https:\/\/eventosbiarritz.com\/index.php\/wp-json\/wp\/v2\/pages\/3039\/revisions\/3045"}],"wp:attachment":[{"href":"https:\/\/eventosbiarritz.com\/index.php\/wp-json\/wp\/v2\/media?parent=3039"}],"curies":[{"name":"wp","href":"https:\/\/api.w.org\/{rel}","templated":true}]}}