{"id":2927,"date":"2022-06-21T14:29:56","date_gmt":"2022-06-21T14:29:56","guid":{"rendered":"http:\/\/eventosbiarritz.com\/?page_id=2927"},"modified":"2023-02-16T22:43:01","modified_gmt":"2023-02-16T22:43:01","slug":"paquetes-boda","status":"publish","type":"page","link":"https:\/\/eventosbiarritz.com\/index.php\/paquetes-boda\/","title":{"rendered":"PAQUETES BODA"},"content":{"rendered":"<style>\/*! elementor - v3.6.5 - 27-04-2022 *\/\n.elementor-heading-title{padding:0;margin:0;line-height:1}.elementor-widget-heading .elementor-heading-title[class*=elementor-size-]>a{color:inherit;font-size:inherit;line-height:inherit}.elementor-widget-heading .elementor-heading-title.elementor-size-small{font-size:15px}.elementor-widget-heading .elementor-heading-title.elementor-size-medium{font-size:19px}.elementor-widget-heading .elementor-heading-title.elementor-size-large{font-size:29px}.elementor-widget-heading .elementor-heading-title.elementor-size-xl{font-size:39px}.elementor-widget-heading .elementor-heading-title.elementor-size-xxl{font-size:59px}<\/style>\n<h1>PAQUETES BODA<\/h1>\n<h3>Paquete bronce<\/h3>\n<p>\t\t\t\t\t\t\t\t\t\t\tMira el detalle<br \/>\n\t\t\t\t\t\t\t\t&#36;\t\t\t\t\t\t\t\t\t1000<br \/>\n\t\t\t\t\t\t\t\t\t\t\t\t\tDesde 50 personas\t\t\t\t\t\t\t\t\t\t\t<\/p>\n<ul>\n<li>\n\t\t\t\t\t\t\t\t\t\tMen\u00fa a elegir\n\t\t\t\t\t\t<\/li>\n<li>\n\t\t\t\t\t\t\t\t\t\tSoda con refill\n\t\t\t\t\t\t<\/li>\n<li>\n\t\t\t\t\t\t\t\t\t\tSalones amplios incluyendo, mesas con manteles, sillas, cristaleria.\n\t\t\t\t\t\t<\/li>\n<li>\n\t\t\t\t\t\t\t\t\t\tServicio de meseros\n\t\t\t\t\t\t<\/li>\n<li>\n\t\t\t\t\t\t\t\t\t\tPropina incluida\n\t\t\t\t\t\t<\/li>\n<li>\n\t\t\t\t\t\t\t\t\t\tDecoraci\u00f3n del local (centros de mesa, decoraci\u00f3n con globos, arreglo de mesa principal, arco de globos)\n\t\t\t\t\t\t<\/li>\n<li>\n\t\t\t\t\t\t\t\t\t\tCake (ver catalogo) o mesa de postres\n\t\t\t\t\t\t<\/li>\n<li>\n\t\t\t\t\t\t\t\t\t\tDiscomovil (luces, m\u00fasica actualizada para todos los gustos, micr\u00f3fono inal\u00e1mbrico, dj profesional)\n\t\t\t\t\t\t<\/li>\n<li>\n\t\t\t\t\t\t\t\t\t\tFotografias\n\t\t\t\t\t\t<\/li>\n<li>\n\t\t\t\t\t\t\t\t\t\tVideo de 30 minutos (ceremonia religiosa en el local y recepci\u00f3n)\n\t\t\t\t\t\t<\/li>\n<\/ul>\n<p>\t\t\t\t\t\t\t\t\t\t\t<a href=\"http:\/\/eventosbiarritz.com\/index.php\/cotizar-boda\/\">Cotizar<\/a><br \/>\n\t\t\t\t\t\t\t\t\t\t\tIngresa para ver detalles adicionales y enviar la cotizacion<\/p>\n<ul>\n<li><a href=\"#\"><br \/>\n\t\t\t\t\t\t\t\t\t\t\t50 Personas<br \/>\n\t\t\t\t\t\t\t\t\t\t\t\t\t\t\t\t\t\t\t1000<br \/>\n\t\t\t\t<\/a><\/li>\n<li><a href=\"#\"><br \/>\n\t\t\t\t\t\t\t\t\t\t\t75 Personas<br \/>\n\t\t\t\t\t\t\t\t\t\t\t\t\t\t\t\t\t\t\t$1375<br \/>\n\t\t\t\t<\/a><\/li>\n<li><a href=\"#\"><br \/>\n\t\t\t\t\t\t\t\t\t\t\t100 Personas<br \/>\n\t\t\t\t\t\t\t\t\t\t\t\t\t\t\t\t\t\t\t$1700<br \/>\n\t\t\t\t<\/a><\/li>\n<li><a href=\"#\"><br \/>\n\t\t\t\t\t\t\t\t\t\t\t125 Personas<br \/>\n\t\t\t\t\t\t\t\t\t\t\t\t\t\t\t\t\t\t\t$1975<br \/>\n\t\t\t\t<\/a><\/li>\n<li><a href=\"#\"><br \/>\n\t\t\t\t\t\t\t\t\t\t\t150 Personas<br \/>\n\t\t\t\t\t\t\t\t\t\t\t\t\t\t\t\t\t\t\t$2160<br \/>\n\t\t\t\t<\/a><\/li>\n<li><a href=\"#\"><br \/>\n\t\t\t\t\t\t\t\t\t\t\t175 Personas<br \/>\n\t\t\t\t\t\t\t\t\t\t\t\t\t\t\t\t\t\t\t$243o<br \/>\n\t\t\t\t<\/a><\/li>\n<li><a href=\"#\"><br \/>\n\t\t\t\t\t\t\t\t\t\t\t200 Personas<br \/>\n\t\t\t\t\t\t\t\t\t\t\t\t\t\t\t\t\t\t\t$2700<br \/>\n\t\t\t\t<\/a><\/li>\n<li><a href=\"#\"><br \/>\n\t\t\t\t\t\t\t\t\t\t\t250 Personas<br \/>\n\t\t\t\t\t\t\t\t\t\t\t\t\t\t\t\t\t\t\t$3230<br \/>\n\t\t\t\t<\/a><\/li>\n<li><a href=\"#\"><br \/>\n\t\t\t\t\t\t\t\t\t\t\t300 Personas<br \/>\n\t\t\t\t\t\t\t\t\t\t\t\t\t\t\t\t\t\t\t3400<br \/>\n\t\t\t\t<\/a><\/li>\n<\/ul>\n<h3>Paquete plata<\/h3>\n<p>\t\t\t\t\t\t\t\t\t\t\tMira el detalle<br \/>\n\t\t\t\t\t\t\t\t&#36;\t\t\t\t\t\t\t\t\t1400<br \/>\n\t\t\t\t\t\t\t\t\t\t\t\t\tDesde 75 personas\t\t\t\t\t\t\t\t\t\t\t<\/p>\n<ul>\n<li>\n\t\t\t\t\t\t\t\t\t\tMen\u00fa a elegir\n\t\t\t\t\t\t<\/li>\n<li>\n\t\t\t\t\t\t\t\t\t\tMen\u00fa a elegir\n\t\t\t\t\t\t<\/li>\n<li>\n\t\t\t\t\t\t\t\t\t\tSoda con refill\n\t\t\t\t\t\t<\/li>\n<li>\n\t\t\t\t\t\t\t\t\t\tSalones amplios incluyendo, mesas con manteles, sillas, cristaleria.\n\t\t\t\t\t\t<\/li>\n<li>\n\t\t\t\t\t\t\t\t\t\tSalones amplios incluyendo, mesas con manteles, sillas, cristaleria.\n\t\t\t\t\t\t<\/li>\n<li>\n\t\t\t\t\t\t\t\t\t\tSalones amplios incluyendo, mesas con manteles, sillas, cristaleria.\n\t\t\t\t\t\t<\/li>\n<li>\n\t\t\t\t\t\t\t\t\t\tServicio de meseros\n\t\t\t\t\t\t<\/li>\n<li>\n\t\t\t\t\t\t\t\t\t\tPropina incluida\n\t\t\t\t\t\t<\/li>\n<li>\n\t\t\t\t\t\t\t\t\t\tDecoraci\u00f3n del local (centros de mesa, decoraci\u00f3n con globos, arreglo de mesa principal, arco de globos)\n\t\t\t\t\t\t<\/li>\n<li>\n\t\t\t\t\t\t\t\t\t\tCake (ver catalogo) o mesa de postres\n\t\t\t\t\t\t<\/li>\n<li>\n\t\t\t\t\t\t\t\t\t\tDiscomovil (luces, m\u00fasica actualizada para todos los gustos, micr\u00f3fono inal\u00e1mbrico, dj profesional)\n\t\t\t\t\t\t<\/li>\n<li>\n\t\t\t\t\t\t\t\t\t\tFotografias\n\t\t\t\t\t\t<\/li>\n<li>\n\t\t\t\t\t\t\t\t\t\tVideo de 30 minutos (ceremonia religiosa en el local y recepci\u00f3n)\n\t\t\t\t\t\t<\/li>\n<\/ul>\n<p>\t\t\t\t\t\t\t\t\t\t\t<a href=\"http:\/\/eventosbiarritz.com\/index.php\/cotizar-boda\/\">Cotizar<\/a><br \/>\n\t\t\t\t\t\t\t\t\t\t\tIngresa para ver detalles adicionales y enviar la cotizacion<\/p>\n<ul>\n<li><a href=\"#\"><br \/>\n\t\t\t\t\t\t\t\t\t\t\t75 Personas<br \/>\n\t\t\t\t\t\t\t\t\t\t\t\t\t\t\t\t\t\t\t$1400<br \/>\n\t\t\t\t<\/a><\/li>\n<li><a href=\"#\"><br \/>\n\t\t\t\t\t\t\t\t\t\t\t100 Personas<br \/>\n\t\t\t\t\t\t\t\t\t\t\t\t\t\t\t\t\t\t\t$1690<br \/>\n\t\t\t\t<\/a><\/li>\n<li><a href=\"#\"><br \/>\n\t\t\t\t\t\t\t\t\t\t\t125 Personas<br \/>\n\t\t\t\t\t\t\t\t\t\t\t\t\t\t\t\t\t\t\t$1985<br \/>\n\t\t\t\t<\/a><\/li>\n<li><a href=\"#\"><br \/>\n\t\t\t\t\t\t\t\t\t\t\t150 Personas<br \/>\n\t\t\t\t\t\t\t\t\t\t\t\t\t\t\t\t\t\t\t$2280<br \/>\n\t\t\t\t<\/a><\/li>\n<li><a href=\"#\"><br \/>\n\t\t\t\t\t\t\t\t\t\t\t175 Personas<br \/>\n\t\t\t\t\t\t\t\t\t\t\t\t\t\t\t\t\t\t\t$2540<br \/>\n\t\t\t\t<\/a><\/li>\n<li><a href=\"#\"><br \/>\n\t\t\t\t\t\t\t\t\t\t\t200 Personas<br \/>\n\t\t\t\t\t\t\t\t\t\t\t\t\t\t\t\t\t\t\t$2920<br \/>\n\t\t\t\t<\/a><\/li>\n<li><a href=\"#\"><br \/>\n\t\t\t\t\t\t\t\t\t\t\t250 Personas<br \/>\n\t\t\t\t\t\t\t\t\t\t\t\t\t\t\t\t\t\t\t$3375<br \/>\n\t\t\t\t<\/a><\/li>\n<li><a href=\"#\"><br \/>\n\t\t\t\t\t\t\t\t\t\t\t300 Personas<br \/>\n\t\t\t\t\t\t\t\t\t\t\t\t\t\t\t\t\t\t\t3400<br \/>\n\t\t\t\t<\/a><\/li>\n<\/ul>\n<h3>Paquete oro<\/h3>\n<p>\t\t\t\t\t\t\t\t\t\t\tMira el detalle<br \/>\n\t\t\t\t\t\t\t\t&#36;\t\t\t\t\t\t\t\t\t1745<br \/>\n\t\t\t\t\t\t\t\t\t\t\t\t\tDesde 75 personas\t\t\t\t\t\t\t\t\t\t\t<\/p>\n<ul>\n<li>\n\t\t\t\t\t\t\t\t\t\tMen\u00fa a elegir\n\t\t\t\t\t\t<\/li>\n<li>\n\t\t\t\t\t\t\t\t\t\tSoda con refill\n\t\t\t\t\t\t<\/li>\n<li>\n\t\t\t\t\t\t\t\t\t\tSalones amplios incluyendo, mesas con manteles, sillas, cristaleria.\n\t\t\t\t\t\t<\/li>\n<li>\n\t\t\t\t\t\t\t\t\t\tServicio de meseros\n\t\t\t\t\t\t<\/li>\n<li>\n\t\t\t\t\t\t\t\t\t\tBocas seg\u00fan personas\n\t\t\t\t\t\t<\/li>\n<li>\n\t\t\t\t\t\t\t\t\t\tBotella de champagne\n\t\t\t\t\t\t<\/li>\n<li>\n\t\t\t\t\t\t\t\t\t\t10 copas para brindis\n\t\t\t\t\t\t<\/li>\n<li>\n\t\t\t\t\t\t\t\t\t\tDecoracion del loca (centros de mesa, decoracion con globos, arreglo de mesa principal;, arco de globos)\n\t\t\t\t\t\t<\/li>\n<li>\n\t\t\t\t\t\t\t\t\t\tPropina incluida\n\t\t\t\t\t\t<\/li>\n<li>\n\t\t\t\t\t\t\t\t\t\tDecoraci\u00f3n del local (centros de mesa, decoraci\u00f3n con globos, arreglo de mesa principal, arco de globos)\n\t\t\t\t\t\t<\/li>\n<li>\n\t\t\t\t\t\t\t\t\t\tCake (ver catalogo) o mesa de postres\n\t\t\t\t\t\t<\/li>\n<li>\n\t\t\t\t\t\t\t\t\t\tDiscomovil (luces, m\u00fasica actualizada para todos los gustos, micr\u00f3fono inal\u00e1mbrico, dj profesional)\n\t\t\t\t\t\t<\/li>\n<li>\n\t\t\t\t\t\t\t\t\t\tFotografias\n\t\t\t\t\t\t<\/li>\n<li>\n\t\t\t\t\t\t\t\t\t\tVideo de 30 minutos (ceremonia religiosa en el local y recepci\u00f3n)\n\t\t\t\t\t\t<\/li>\n<li>\n\t\t\t\t\t\t\t\t\t\tForros para todas las sillas\n\t\t\t\t\t\t<\/li>\n<li>\n\t\t\t\t\t\t\t\t\t\tFuente de chocolate incluye 100 pinchos de fruta\n\t\t\t\t\t\t<\/li>\n<li>\n\t\t\t\t\t\t\t\t\t\t40 tazas de cafe\n\t\t\t\t\t\t<\/li>\n<\/ul>\n<p>\t\t\t\t\t\t\t\t\t\t\t<a href=\"http:\/\/eventosbiarritz.com\/index.php\/cotizar-boda\/\">Cotizar<\/a><br \/>\n\t\t\t\t\t\t\t\t\t\t\tIngresa para ver detalles adicionales y enviar la cotizacion<\/p>\n<ul>\n<li><a href=\"#\"><br \/>\n\t\t\t\t\t\t\t\t\t\t\t75 Personas<br \/>\n\t\t\t\t\t\t\t\t\t\t\t\t\t\t\t\t\t\t\t$1645<br \/>\n\t\t\t\t<\/a><\/li>\n<li><a href=\"#\"><br \/>\n\t\t\t\t\t\t\t\t\t\t\t100 Personas<br \/>\n\t\t\t\t\t\t\t\t\t\t\t\t\t\t\t\t\t\t\t$2005<br \/>\n\t\t\t\t<\/a><\/li>\n<li><a href=\"#\"><br \/>\n\t\t\t\t\t\t\t\t\t\t\t125 Personas<br \/>\n\t\t\t\t\t\t\t\t\t\t\t\t\t\t\t\t\t\t\t$2365<br \/>\n\t\t\t\t<\/a><\/li>\n<li><a href=\"#\"><br \/>\n\t\t\t\t\t\t\t\t\t\t\t150 Personas<br \/>\n\t\t\t\t\t\t\t\t\t\t\t\t\t\t\t\t\t\t\t$2710<br \/>\n\t\t\t\t<\/a><\/li>\n<li><a href=\"#\"><br \/>\n\t\t\t\t\t\t\t\t\t\t\t175 Personas<br \/>\n\t\t\t\t\t\t\t\t\t\t\t\t\t\t\t\t\t\t\t$3065<br \/>\n\t\t\t\t<\/a><\/li>\n<li><a href=\"#\"><br \/>\n\t\t\t\t\t\t\t\t\t\t\t200 Personas<br \/>\n\t\t\t\t\t\t\t\t\t\t\t\t\t\t\t\t\t\t\t$3415<br \/>\n\t\t\t\t<\/a><\/li>\n<li><a href=\"#\"><br \/>\n\t\t\t\t\t\t\t\t\t\t\t250 Personas<br \/>\n\t\t\t\t\t\t\t\t\t\t\t\t\t\t\t\t\t\t\t$4100<br \/>\n\t\t\t\t<\/a><\/li>\n<\/ul>\n","protected":false},"excerpt":{"rendered":"<p>PAQUETES BODA Paquete bronce Mira el detalle &#36; 1000 Desde 50 personas Men\u00fa a elegir Soda con refill Salones amplios incluyendo, mesas con manteles, sillas, cristaleria. Servicio de meseros Propina incluida Decoraci\u00f3n del local (centros de mesa, decoraci\u00f3n con globos, arreglo de mesa principal, arco de globos) Cake (ver catalogo) o mesa de postres Discomovil &hellip;<\/p>\n<p class=\"read-more\"> <a class=\"\" href=\"https:\/\/eventosbiarritz.com\/index.php\/paquetes-boda\/\"> <span class=\"screen-reader-text\">PAQUETES BODA<\/span> Read More &raquo;<\/a><\/p>\n","protected":false},"author":1,"featured_media":0,"parent":0,"menu_order":0,"comment_status":"closed","ping_status":"closed","template":"","meta":{"om_disable_all_campaigns":false,"_monsterinsights_skip_tracking":false,"_monsterinsights_sitenote_active":false,"_monsterinsights_sitenote_note":"","_monsterinsights_sitenote_category":0,"site-sidebar-layout":"no-sidebar","site-content-layout":"page-builder","ast-global-header-display":"","ast-main-header-display":"","ast-hfb-above-header-display":"","ast-hfb-below-header-display":"","ast-hfb-mobile-header-display":"","site-post-title":"disabled","ast-breadcrumbs-content":"","ast-featured-img":"disabled","footer-sml-layout":"","theme-transparent-header-meta":"","adv-header-id-meta":"","stick-header-meta":"","header-above-stick-meta":"","header-main-stick-meta":"","header-below-stick-meta":"","spay_email":"","footnotes":""},"class_list":["post-2927","page","type-page","status-publish","hentry"],"_links":{"self":[{"href":"https:\/\/eventosbiarritz.com\/index.php\/wp-json\/wp\/v2\/pages\/2927","targetHints":{"allow":["GET"]}}],"collection":[{"href":"https:\/\/eventosbiarritz.com\/index.php\/wp-json\/wp\/v2\/pages"}],"about":[{"href":"https:\/\/eventosbiarritz.com\/index.php\/wp-json\/wp\/v2\/types\/page"}],"author":[{"embeddable":true,"href":"https:\/\/eventosbiarritz.com\/index.php\/wp-json\/wp\/v2\/users\/1"}],"replies":[{"embeddable":true,"href":"https:\/\/eventosbiarritz.com\/index.php\/wp-json\/wp\/v2\/comments?post=2927"}],"version-history":[{"count":47,"href":"https:\/\/eventosbiarritz.com\/index.php\/wp-json\/wp\/v2\/pages\/2927\/revisions"}],"predecessor-version":[{"id":3100,"href":"https:\/\/eventosbiarritz.com\/index.php\/wp-json\/wp\/v2\/pages\/2927\/revisions\/3100"}],"wp:attachment":[{"href":"https:\/\/eventosbiarritz.com\/index.php\/wp-json\/wp\/v2\/media?parent=2927"}],"curies":[{"name":"wp","href":"https:\/\/api.w.org\/{rel}","templated":true}]}}